{"id":479,"date":"2019-11-15T10:28:56","date_gmt":"2019-11-15T09:28:56","guid":{"rendered":"https:\/\/www.kera.cz\/ekologie\/"},"modified":"2020-03-18T10:44:30","modified_gmt":"2020-03-18T09:44:30","slug":"ekology","status":"publish","type":"page","link":"https:\/\/www.kera.cz\/en\/ekology\/","title":{"rendered":"Ecology"},"content":{"rendered":"","protected":false},"excerpt":{"rendered":"","protected":false},"author":1,"featured_media":481,"parent":0,"menu_order":0,"comment_status":"closed","ping_status":"closed","template":"","meta":[],"acf":[],"yoast_head":"<!-- This site is optimized with the Yoast SEO plugin v19.10 - https:\/\/yoast.com\/wordpress\/plugins\/seo\/ -->\n<title>Ecology | KERA GREEN<\/title>\n<meta name=\"robots\" content=\"index, follow, max-snippet:-1, max-image-preview:large, max-video-preview:-1\" \/>\n<link rel=\"canonical\" href=\"https:\/\/www.kera.cz\/en\/ekology\/\" \/>\n<meta property=\"og:locale\" content=\"en_US\" \/>\n<meta property=\"og:type\" content=\"article\" \/>\n<meta property=\"og:title\" content=\"Ecology | KERA GREEN\" \/>\n<meta property=\"og:url\" content=\"https:\/\/www.kera.cz\/en\/ekology\/\" \/>\n<meta property=\"og:site_name\" content=\"KERA GREEN\" \/>\n<meta property=\"article:modified_time\" content=\"2020-03-18T09:44:30+00:00\" \/>\n<meta property=\"og:image\" content=\"https:\/\/www.kera.cz\/wp-content\/uploads\/2019\/10\/sluzby.jpg\" \/>\n\t<meta property=\"og:image:width\" content=\"1920\" \/>\n\t<meta property=\"og:image:height\" content=\"500\" \/>\n\t<meta property=\"og:image:type\" content=\"image\/jpeg\" \/>\n<meta name=\"twitter:card\" content=\"summary_large_image\" \/>\n<script type=\"application\/ld+json\" class=\"yoast-schema-graph\">{\"@context\":\"https:\/\/schema.org\",\"@graph\":[{\"@type\":\"WebPage\",\"@id\":\"https:\/\/www.kera.cz\/en\/ekology\/\",\"url\":\"https:\/\/www.kera.cz\/en\/ekology\/\",\"name\":\"Ecology | KERA GREEN\",\"isPartOf\":{\"@id\":\"https:\/\/www.kera.cz\/#website\"},\"datePublished\":\"2019-11-15T09:28:56+00:00\",\"dateModified\":\"2020-03-18T09:44:30+00:00\",\"breadcrumb\":{\"@id\":\"https:\/\/www.kera.cz\/en\/ekology\/#breadcrumb\"},\"inLanguage\":\"en-US\",\"potentialAction\":[{\"@type\":\"ReadAction\",\"target\":[\"https:\/\/www.kera.cz\/en\/ekology\/\"]}]},{\"@type\":\"BreadcrumbList\",\"@id\":\"https:\/\/www.kera.cz\/en\/ekology\/#breadcrumb\",\"itemListElement\":[{\"@type\":\"ListItem\",\"position\":1,\"name\":\"Dom\u016f\",\"item\":\"https:\/\/www.kera.cz\/en\/\"},{\"@type\":\"ListItem\",\"position\":2,\"name\":\"Ecology\"}]},{\"@type\":\"WebSite\",\"@id\":\"https:\/\/www.kera.cz\/#website\",\"url\":\"https:\/\/www.kera.cz\/\",\"name\":\"KERA GREEN\",\"description\":\"V\u00fdroba substr\u00e1t\u016f a hnojiv\",\"publisher\":{\"@id\":\"https:\/\/www.kera.cz\/#organization\"},\"potentialAction\":[{\"@type\":\"SearchAction\",\"target\":{\"@type\":\"EntryPoint\",\"urlTemplate\":\"https:\/\/www.kera.cz\/?s={search_term_string}\"},\"query-input\":\"required name=search_term_string\"}],\"inLanguage\":\"en-US\"},{\"@type\":\"Organization\",\"@id\":\"https:\/\/www.kera.cz\/#organization\",\"name\":\"KERA GREEN s.r.o.\",\"url\":\"https:\/\/www.kera.cz\/\",\"logo\":{\"@type\":\"ImageObject\",\"inLanguage\":\"en-US\",\"@id\":\"https:\/\/www.kera.cz\/#\/schema\/logo\/image\/\",\"url\":\"https:\/\/www.kera.cz\/wp-content\/uploads\/2020\/02\/Logo_final_V4_180x180.png\",\"contentUrl\":\"https:\/\/www.kera.cz\/wp-content\/uploads\/2020\/02\/Logo_final_V4_180x180.png\",\"width\":180,\"height\":180,\"caption\":\"KERA GREEN s.r.o.\"},\"image\":{\"@id\":\"https:\/\/www.kera.cz\/#\/schema\/logo\/image\/\"}}]}<\/script>\n<!-- \/ Yoast SEO plugin. -->","yoast_head_json":{"title":"Ecology | KERA GREEN","robots":{"index":"index","follow":"follow","max-snippet":"max-snippet:-1","max-image-preview":"max-image-preview:large","max-video-preview":"max-video-preview:-1"},"canonical":"https:\/\/www.kera.cz\/en\/ekology\/","og_locale":"en_US","og_type":"article","og_title":"Ecology | KERA GREEN","og_url":"https:\/\/www.kera.cz\/en\/ekology\/","og_site_name":"KERA GREEN","article_modified_time":"2020-03-18T09:44:30+00:00","og_image":[{"width":1920,"height":500,"url":"https:\/\/www.kera.cz\/wp-content\/uploads\/2019\/10\/sluzby.jpg","type":"image\/jpeg"}],"twitter_card":"summary_large_image","schema":{"@context":"https:\/\/schema.org","@graph":[{"@type":"WebPage","@id":"https:\/\/www.kera.cz\/en\/ekology\/","url":"https:\/\/www.kera.cz\/en\/ekology\/","name":"Ecology | KERA GREEN","isPartOf":{"@id":"https:\/\/www.kera.cz\/#website"},"datePublished":"2019-11-15T09:28:56+00:00","dateModified":"2020-03-18T09:44:30+00:00","breadcrumb":{"@id":"https:\/\/www.kera.cz\/en\/ekology\/#breadcrumb"},"inLanguage":"en-US","potentialAction":[{"@type":"ReadAction","target":["https:\/\/www.kera.cz\/en\/ekology\/"]}]},{"@type":"BreadcrumbList","@id":"https:\/\/www.kera.cz\/en\/ekology\/#breadcrumb","itemListElement":[{"@type":"ListItem","position":1,"name":"Dom\u016f","item":"https:\/\/www.kera.cz\/en\/"},{"@type":"ListItem","position":2,"name":"Ecology"}]},{"@type":"WebSite","@id":"https:\/\/www.kera.cz\/#website","url":"https:\/\/www.kera.cz\/","name":"KERA GREEN","description":"V\u00fdroba substr\u00e1t\u016f a hnojiv","publisher":{"@id":"https:\/\/www.kera.cz\/#organization"},"potentialAction":[{"@type":"SearchAction","target":{"@type":"EntryPoint","urlTemplate":"https:\/\/www.kera.cz\/?s={search_term_string}"},"query-input":"required name=search_term_string"}],"inLanguage":"en-US"},{"@type":"Organization","@id":"https:\/\/www.kera.cz\/#organization","name":"KERA GREEN s.r.o.","url":"https:\/\/www.kera.cz\/","logo":{"@type":"ImageObject","inLanguage":"en-US","@id":"https:\/\/www.kera.cz\/#\/schema\/logo\/image\/","url":"https:\/\/www.kera.cz\/wp-content\/uploads\/2020\/02\/Logo_final_V4_180x180.png","contentUrl":"https:\/\/www.kera.cz\/wp-content\/uploads\/2020\/02\/Logo_final_V4_180x180.png","width":180,"height":180,"caption":"KERA GREEN s.r.o."},"image":{"@id":"https:\/\/www.kera.cz\/#\/schema\/logo\/image\/"}}]}},"_links":{"self":[{"href":"https:\/\/www.kera.cz\/en\/wp-json\/wp\/v2\/pages\/479"}],"collection":[{"href":"https:\/\/www.kera.cz\/en\/wp-json\/wp\/v2\/pages"}],"about":[{"href":"https:\/\/www.kera.cz\/en\/wp-json\/wp\/v2\/types\/page"}],"author":[{"embeddable":true,"href":"https:\/\/www.kera.cz\/en\/wp-json\/wp\/v2\/users\/1"}],"replies":[{"embeddable":true,"href":"https:\/\/www.kera.cz\/en\/wp-json\/wp\/v2\/comments?post=479"}],"version-history":[{"count":3,"href":"https:\/\/www.kera.cz\/en\/wp-json\/wp\/v2\/pages\/479\/revisions"}],"predecessor-version":[{"id":585,"href":"https:\/\/www.kera.cz\/en\/wp-json\/wp\/v2\/pages\/479\/revisions\/585"}],"wp:featuredmedia":[{"embeddable":true,"href":"https:\/\/www.kera.cz\/en\/wp-json\/wp\/v2\/media\/481"}],"wp:attachment":[{"href":"https:\/\/www.kera.cz\/en\/wp-json\/wp\/v2\/media?parent=479"}],"curies":[{"name":"wp","href":"https:\/\/api.w.org\/{rel}","templated":true}]}}