{"id":587,"date":"2018-04-26T09:51:35","date_gmt":"2018-04-26T09:51:35","guid":{"rendered":"https:\/\/www.kera.cz\/sluzby\/"},"modified":"2020-03-18T11:18:25","modified_gmt":"2020-03-18T10:18:25","slug":"services","status":"publish","type":"page","link":"https:\/\/www.kera.cz\/en\/services\/","title":{"rendered":"Services"},"content":{"rendered":"","protected":false},"excerpt":{"rendered":"","protected":false},"author":1,"featured_media":589,"parent":0,"menu_order":0,"comment_status":"closed","ping_status":"closed","template":"","meta":[],"acf":[],"yoast_head":"<!-- This site is optimized with the Yoast SEO plugin v19.10 - https:\/\/yoast.com\/wordpress\/plugins\/seo\/ -->\n<title>Services for our partners | KERA GREEN |<\/title>\n<meta name=\"robots\" content=\"index, follow, max-snippet:-1, max-image-preview:large, max-video-preview:-1\" \/>\n<link rel=\"canonical\" href=\"https:\/\/www.kera.cz\/en\/services\/\" \/>\n<meta property=\"og:locale\" content=\"en_US\" \/>\n<meta property=\"og:type\" content=\"article\" \/>\n<meta property=\"og:title\" content=\"Services for our partners | KERA GREEN |\" \/>\n<meta property=\"og:url\" content=\"https:\/\/www.kera.cz\/en\/services\/\" \/>\n<meta property=\"og:site_name\" content=\"KERA GREEN\" \/>\n<meta property=\"article:modified_time\" content=\"2020-03-18T10:18:25+00:00\" \/>\n<meta property=\"og:image\" content=\"https:\/\/www.kera.cz\/wp-content\/uploads\/2019\/11\/kera5.jpg\" \/>\n\t<meta property=\"og:image:width\" content=\"1920\" \/>\n\t<meta property=\"og:image:height\" content=\"400\" \/>\n\t<meta property=\"og:image:type\" content=\"image\/jpeg\" \/>\n<meta name=\"twitter:card\" content=\"summary_large_image\" \/>\n<script type=\"application\/ld+json\" class=\"yoast-schema-graph\">{\"@context\":\"https:\/\/schema.org\",\"@graph\":[{\"@type\":\"WebPage\",\"@id\":\"https:\/\/www.kera.cz\/en\/services\/\",\"url\":\"https:\/\/www.kera.cz\/en\/services\/\",\"name\":\"Services for our partners | KERA GREEN |\",\"isPartOf\":{\"@id\":\"https:\/\/www.kera.cz\/#website\"},\"datePublished\":\"2018-04-26T09:51:35+00:00\",\"dateModified\":\"2020-03-18T10:18:25+00:00\",\"breadcrumb\":{\"@id\":\"https:\/\/www.kera.cz\/en\/services\/#breadcrumb\"},\"inLanguage\":\"en-US\",\"potentialAction\":[{\"@type\":\"ReadAction\",\"target\":[\"https:\/\/www.kera.cz\/en\/services\/\"]}]},{\"@type\":\"BreadcrumbList\",\"@id\":\"https:\/\/www.kera.cz\/en\/services\/#breadcrumb\",\"itemListElement\":[{\"@type\":\"ListItem\",\"position\":1,\"name\":\"Dom\u016f\",\"item\":\"https:\/\/www.kera.cz\/en\/\"},{\"@type\":\"ListItem\",\"position\":2,\"name\":\"Services\"}]},{\"@type\":\"WebSite\",\"@id\":\"https:\/\/www.kera.cz\/#website\",\"url\":\"https:\/\/www.kera.cz\/\",\"name\":\"KERA GREEN\",\"description\":\"V\u00fdroba substr\u00e1t\u016f a hnojiv\",\"publisher\":{\"@id\":\"https:\/\/www.kera.cz\/#organization\"},\"potentialAction\":[{\"@type\":\"SearchAction\",\"target\":{\"@type\":\"EntryPoint\",\"urlTemplate\":\"https:\/\/www.kera.cz\/?s={search_term_string}\"},\"query-input\":\"required name=search_term_string\"}],\"inLanguage\":\"en-US\"},{\"@type\":\"Organization\",\"@id\":\"https:\/\/www.kera.cz\/#organization\",\"name\":\"KERA GREEN s.r.o.\",\"url\":\"https:\/\/www.kera.cz\/\",\"logo\":{\"@type\":\"ImageObject\",\"inLanguage\":\"en-US\",\"@id\":\"https:\/\/www.kera.cz\/#\/schema\/logo\/image\/\",\"url\":\"https:\/\/www.kera.cz\/wp-content\/uploads\/2020\/02\/Logo_final_V4_180x180.png\",\"contentUrl\":\"https:\/\/www.kera.cz\/wp-content\/uploads\/2020\/02\/Logo_final_V4_180x180.png\",\"width\":180,\"height\":180,\"caption\":\"KERA GREEN s.r.o.\"},\"image\":{\"@id\":\"https:\/\/www.kera.cz\/#\/schema\/logo\/image\/\"}}]}<\/script>\n<!-- \/ Yoast SEO plugin. -->","yoast_head_json":{"title":"Services for our partners | KERA GREEN |","robots":{"index":"index","follow":"follow","max-snippet":"max-snippet:-1","max-image-preview":"max-image-preview:large","max-video-preview":"max-video-preview:-1"},"canonical":"https:\/\/www.kera.cz\/en\/services\/","og_locale":"en_US","og_type":"article","og_title":"Services for our partners | KERA GREEN |","og_url":"https:\/\/www.kera.cz\/en\/services\/","og_site_name":"KERA GREEN","article_modified_time":"2020-03-18T10:18:25+00:00","og_image":[{"width":1920,"height":400,"url":"https:\/\/www.kera.cz\/wp-content\/uploads\/2019\/11\/kera5.jpg","type":"image\/jpeg"}],"twitter_card":"summary_large_image","schema":{"@context":"https:\/\/schema.org","@graph":[{"@type":"WebPage","@id":"https:\/\/www.kera.cz\/en\/services\/","url":"https:\/\/www.kera.cz\/en\/services\/","name":"Services for our partners | KERA GREEN |","isPartOf":{"@id":"https:\/\/www.kera.cz\/#website"},"datePublished":"2018-04-26T09:51:35+00:00","dateModified":"2020-03-18T10:18:25+00:00","breadcrumb":{"@id":"https:\/\/www.kera.cz\/en\/services\/#breadcrumb"},"inLanguage":"en-US","potentialAction":[{"@type":"ReadAction","target":["https:\/\/www.kera.cz\/en\/services\/"]}]},{"@type":"BreadcrumbList","@id":"https:\/\/www.kera.cz\/en\/services\/#breadcrumb","itemListElement":[{"@type":"ListItem","position":1,"name":"Dom\u016f","item":"https:\/\/www.kera.cz\/en\/"},{"@type":"ListItem","position":2,"name":"Services"}]},{"@type":"WebSite","@id":"https:\/\/www.kera.cz\/#website","url":"https:\/\/www.kera.cz\/","name":"KERA GREEN","description":"V\u00fdroba substr\u00e1t\u016f a hnojiv","publisher":{"@id":"https:\/\/www.kera.cz\/#organization"},"potentialAction":[{"@type":"SearchAction","target":{"@type":"EntryPoint","urlTemplate":"https:\/\/www.kera.cz\/?s={search_term_string}"},"query-input":"required name=search_term_string"}],"inLanguage":"en-US"},{"@type":"Organization","@id":"https:\/\/www.kera.cz\/#organization","name":"KERA GREEN s.r.o.","url":"https:\/\/www.kera.cz\/","logo":{"@type":"ImageObject","inLanguage":"en-US","@id":"https:\/\/www.kera.cz\/#\/schema\/logo\/image\/","url":"https:\/\/www.kera.cz\/wp-content\/uploads\/2020\/02\/Logo_final_V4_180x180.png","contentUrl":"https:\/\/www.kera.cz\/wp-content\/uploads\/2020\/02\/Logo_final_V4_180x180.png","width":180,"height":180,"caption":"KERA GREEN s.r.o."},"image":{"@id":"https:\/\/www.kera.cz\/#\/schema\/logo\/image\/"}}]}},"_links":{"self":[{"href":"https:\/\/www.kera.cz\/en\/wp-json\/wp\/v2\/pages\/587"}],"collection":[{"href":"https:\/\/www.kera.cz\/en\/wp-json\/wp\/v2\/pages"}],"about":[{"href":"https:\/\/www.kera.cz\/en\/wp-json\/wp\/v2\/types\/page"}],"author":[{"embeddable":true,"href":"https:\/\/www.kera.cz\/en\/wp-json\/wp\/v2\/users\/1"}],"replies":[{"embeddable":true,"href":"https:\/\/www.kera.cz\/en\/wp-json\/wp\/v2\/comments?post=587"}],"version-history":[{"count":2,"href":"https:\/\/www.kera.cz\/en\/wp-json\/wp\/v2\/pages\/587\/revisions"}],"predecessor-version":[{"id":591,"href":"https:\/\/www.kera.cz\/en\/wp-json\/wp\/v2\/pages\/587\/revisions\/591"}],"wp:featuredmedia":[{"embeddable":true,"href":"https:\/\/www.kera.cz\/en\/wp-json\/wp\/v2\/media\/589"}],"wp:attachment":[{"href":"https:\/\/www.kera.cz\/en\/wp-json\/wp\/v2\/media?parent=587"}],"curies":[{"name":"wp","href":"https:\/\/api.w.org\/{rel}","templated":true}]}}